{"id":184,"date":"2021-03-12T14:43:57","date_gmt":"2021-03-12T13:43:57","guid":{"rendered":"http:\/\/metralserviceetnettoyage.com\/?page_id=184"},"modified":"2024-03-26T12:29:53","modified_gmt":"2024-03-26T11:29:53","slug":"quelques-lieux","status":"publish","type":"page","link":"http:\/\/metralserviceetnettoyage.com\/?page_id=184","title":{"rendered":"Quelques lieux"},"content":{"rendered":"\n<p><a href=\"https:\/\/www.perreal.com\/\" target=\"_blank\" rel=\"noreferrer noopener\">Ch\u00e2teau Perr\u00e9al Gargas<\/a><\/p>\n\n\n\n<p><a href=\"https:\/\/www.mathieulustrerie.com\/\" target=\"_blank\" rel=\"noreferrer noopener\">Mathieu Lustrerie<\/a><\/p>\n\n\n\n<p><a href=\"https:\/\/www.generale-optique.com\/opticien\/apt\/888\" target=\"_blank\" rel=\"noreferrer noopener\">G\u00e9n\u00e9ral d&rsquo;optique Apt<\/a><\/p>\n\n\n\n<p><a href=\"https:\/\/www.senanque.fr\/\" target=\"_blank\" rel=\"noreferrer noopener\">Abbaye de S\u00e9nanque<\/a><\/p>\n\n\n\n<p><a href=\"https:\/\/www.gargas.fr\/\" target=\"_blank\" rel=\"noreferrer noopener\">Ville de Gargas<\/a><\/p>\n\n\n\n<p>Le Relais des Cigales<\/p>\n\n\n\n<p><a href=\"https:\/\/www.facebook.com\/Entreprise.FrancoBenoit\/?locale=fr_FR\" target=\"_blank\" rel=\"noreferrer noopener\">Terrassement Benoit Franco<\/a><\/p>\n","protected":false},"excerpt":{"rendered":"<p>Ch\u00e2teau Perr\u00e9al Gargas Mathieu Lustrerie G\u00e9n\u00e9ral d&rsquo;optique Apt Abbaye de S\u00e9nanque Ville de Gargas Le Relais des Cigales Terrassement Benoit Franco<\/p>\n","protected":false},"author":1,"featured_media":0,"parent":0,"menu_order":0,"comment_status":"closed","ping_status":"closed","template":"","meta":{"footnotes":""},"class_list":["post-184","page","type-page","status-publish","hentry"],"yoast_head":"<!-- This site is optimized with the Yoast SEO plugin v24.9 - https:\/\/yoast.com\/wordpress\/plugins\/seo\/ -->\n<title>Quelques lieux - Metral Service et Nettoyage<\/title>\n<meta name=\"robots\" content=\"index, follow, max-snippet:-1, max-image-preview:large, max-video-preview:-1\" \/>\n<link rel=\"canonical\" href=\"https:\/\/metralserviceetnettoyage.com\/?page_id=184\" \/>\n<meta property=\"og:locale\" content=\"fr_FR\" \/>\n<meta property=\"og:type\" content=\"article\" \/>\n<meta property=\"og:title\" content=\"Quelques lieux - Metral Service et Nettoyage\" \/>\n<meta property=\"og:description\" content=\"Ch\u00e2teau Perr\u00e9al Gargas Mathieu Lustrerie G\u00e9n\u00e9ral d&rsquo;optique Apt Abbaye de S\u00e9nanque Ville de Gargas Le Relais des Cigales Terrassement Benoit Franco\" \/>\n<meta property=\"og:url\" content=\"https:\/\/metralserviceetnettoyage.com\/?page_id=184\" \/>\n<meta property=\"og:site_name\" content=\"Metral Service et Nettoyage\" \/>\n<meta property=\"article:modified_time\" content=\"2024-03-26T11:29:53+00:00\" \/>\n<meta name=\"twitter:card\" content=\"summary_large_image\" \/>\n<meta name=\"twitter:label1\" content=\"Dur\u00e9e de lecture estim\u00e9e\" \/>\n\t<meta name=\"twitter:data1\" content=\"1 minute\" \/>\n<script type=\"application\/ld+json\" class=\"yoast-schema-graph\">{\"@context\":\"https:\/\/schema.org\",\"@graph\":[{\"@type\":\"WebPage\",\"@id\":\"https:\/\/metralserviceetnettoyage.com\/?page_id=184\",\"url\":\"https:\/\/metralserviceetnettoyage.com\/?page_id=184\",\"name\":\"Quelques lieux - Metral Service et Nettoyage\",\"isPartOf\":{\"@id\":\"http:\/\/metralserviceetnettoyage.com\/#website\"},\"datePublished\":\"2021-03-12T13:43:57+00:00\",\"dateModified\":\"2024-03-26T11:29:53+00:00\",\"breadcrumb\":{\"@id\":\"https:\/\/metralserviceetnettoyage.com\/?page_id=184#breadcrumb\"},\"inLanguage\":\"fr-FR\",\"potentialAction\":[{\"@type\":\"ReadAction\",\"target\":[\"https:\/\/metralserviceetnettoyage.com\/?page_id=184\"]}]},{\"@type\":\"BreadcrumbList\",\"@id\":\"https:\/\/metralserviceetnettoyage.com\/?page_id=184#breadcrumb\",\"itemListElement\":[{\"@type\":\"ListItem\",\"position\":1,\"name\":\"Accueil\",\"item\":\"http:\/\/metralserviceetnettoyage.com\/\"},{\"@type\":\"ListItem\",\"position\":2,\"name\":\"Quelques lieux\"}]},{\"@type\":\"WebSite\",\"@id\":\"http:\/\/metralserviceetnettoyage.com\/#website\",\"url\":\"http:\/\/metralserviceetnettoyage.com\/\",\"name\":\"Metral Service et Nettoyage\",\"description\":\"06 58 28 39 86 msncontact25@gmail.com\",\"potentialAction\":[{\"@type\":\"SearchAction\",\"target\":{\"@type\":\"EntryPoint\",\"urlTemplate\":\"http:\/\/metralserviceetnettoyage.com\/?s={search_term_string}\"},\"query-input\":{\"@type\":\"PropertyValueSpecification\",\"valueRequired\":true,\"valueName\":\"search_term_string\"}}],\"inLanguage\":\"fr-FR\"}]}<\/script>\n<!-- \/ Yoast SEO plugin. -->","yoast_head_json":{"title":"Quelques lieux - Metral Service et Nettoyage","robots":{"index":"index","follow":"follow","max-snippet":"max-snippet:-1","max-image-preview":"max-image-preview:large","max-video-preview":"max-video-preview:-1"},"canonical":"https:\/\/metralserviceetnettoyage.com\/?page_id=184","og_locale":"fr_FR","og_type":"article","og_title":"Quelques lieux - Metral Service et Nettoyage","og_description":"Ch\u00e2teau Perr\u00e9al Gargas Mathieu Lustrerie G\u00e9n\u00e9ral d&rsquo;optique Apt Abbaye de S\u00e9nanque Ville de Gargas Le Relais des Cigales Terrassement Benoit Franco","og_url":"https:\/\/metralserviceetnettoyage.com\/?page_id=184","og_site_name":"Metral Service et Nettoyage","article_modified_time":"2024-03-26T11:29:53+00:00","twitter_card":"summary_large_image","twitter_misc":{"Dur\u00e9e de lecture estim\u00e9e":"1 minute"},"schema":{"@context":"https:\/\/schema.org","@graph":[{"@type":"WebPage","@id":"https:\/\/metralserviceetnettoyage.com\/?page_id=184","url":"https:\/\/metralserviceetnettoyage.com\/?page_id=184","name":"Quelques lieux - Metral Service et Nettoyage","isPartOf":{"@id":"http:\/\/metralserviceetnettoyage.com\/#website"},"datePublished":"2021-03-12T13:43:57+00:00","dateModified":"2024-03-26T11:29:53+00:00","breadcrumb":{"@id":"https:\/\/metralserviceetnettoyage.com\/?page_id=184#breadcrumb"},"inLanguage":"fr-FR","potentialAction":[{"@type":"ReadAction","target":["https:\/\/metralserviceetnettoyage.com\/?page_id=184"]}]},{"@type":"BreadcrumbList","@id":"https:\/\/metralserviceetnettoyage.com\/?page_id=184#breadcrumb","itemListElement":[{"@type":"ListItem","position":1,"name":"Accueil","item":"http:\/\/metralserviceetnettoyage.com\/"},{"@type":"ListItem","position":2,"name":"Quelques lieux"}]},{"@type":"WebSite","@id":"http:\/\/metralserviceetnettoyage.com\/#website","url":"http:\/\/metralserviceetnettoyage.com\/","name":"Metral Service et Nettoyage","description":"06 58 28 39 86 msncontact25@gmail.com","potentialAction":[{"@type":"SearchAction","target":{"@type":"EntryPoint","urlTemplate":"http:\/\/metralserviceetnettoyage.com\/?s={search_term_string}"},"query-input":{"@type":"PropertyValueSpecification","valueRequired":true,"valueName":"search_term_string"}}],"inLanguage":"fr-FR"}]}},"_links":{"self":[{"href":"http:\/\/metralserviceetnettoyage.com\/index.php?rest_route=\/wp\/v2\/pages\/184","targetHints":{"allow":["GET"]}}],"collection":[{"href":"http:\/\/metralserviceetnettoyage.com\/index.php?rest_route=\/wp\/v2\/pages"}],"about":[{"href":"http:\/\/metralserviceetnettoyage.com\/index.php?rest_route=\/wp\/v2\/types\/page"}],"author":[{"embeddable":true,"href":"http:\/\/metralserviceetnettoyage.com\/index.php?rest_route=\/wp\/v2\/users\/1"}],"replies":[{"embeddable":true,"href":"http:\/\/metralserviceetnettoyage.com\/index.php?rest_route=%2Fwp%2Fv2%2Fcomments&post=184"}],"version-history":[{"count":10,"href":"http:\/\/metralserviceetnettoyage.com\/index.php?rest_route=\/wp\/v2\/pages\/184\/revisions"}],"predecessor-version":[{"id":766,"href":"http:\/\/metralserviceetnettoyage.com\/index.php?rest_route=\/wp\/v2\/pages\/184\/revisions\/766"}],"wp:attachment":[{"href":"http:\/\/metralserviceetnettoyage.com\/index.php?rest_route=%2Fwp%2Fv2%2Fmedia&parent=184"}],"curies":[{"name":"wp","href":"https:\/\/api.w.org\/{rel}","templated":true}]}}