{"id":72,"date":"2021-02-04T11:20:14","date_gmt":"2021-02-04T10:20:14","guid":{"rendered":"http:\/\/metralserviceetnettoyage.com\/?page_id=72"},"modified":"2024-12-10T12:20:32","modified_gmt":"2024-12-10T11:20:32","slug":"prestations","status":"publish","type":"page","link":"http:\/\/metralserviceetnettoyage.com\/?page_id=72","title":{"rendered":"Prestations"},"content":{"rendered":"\n<p><span style=\"background-color:rgba(0, 0, 0, 0)\" class=\"has-inline-color has-luminous-vivid-orange-color\">Nettoyage et traitement des sols : <\/span><\/p>\n\n\n\n<p>Terre cuite<\/p>\n\n\n\n<p>Travertin<\/p>\n\n\n\n<p>Pierre naturelle<\/p>\n\n\n\n<p>Parquet&#8230;<\/p>\n\n\n\n<p><span style=\"background-color:rgba(0, 0, 0, 0)\" class=\"has-inline-color has-luminous-vivid-orange-color\">Nettoyage et traitement des sols ext\u00e9rieurs :<\/span><\/p>\n\n\n\n<p>Terrasse<\/p>\n\n\n\n<p>Terrasse en bois<\/p>\n\n\n\n<p>Plage de piscine&#8230;<\/p>\n\n\n\n<p><span style=\"background-color:rgba(0, 0, 0, 0)\" class=\"has-inline-color has-luminous-vivid-orange-color\">Nettoyage et traitement : <\/span><\/p>\n\n\n\n<p>Fa\u00e7ade<\/p>\n\n\n\n<p>Toiture<\/p>\n\n\n\n<p>Goutti\u00e8re<\/p>\n\n\n\n<p>Murs en pierre<\/p>\n\n\n\n<p>Pierre tombale&#8230;<\/p>\n\n\n\n<p><mark style=\"background-color:rgba(0, 0, 0, 0)\" class=\"has-inline-color has-luminous-vivid-orange-color\">Nettoyage engins TP, PL et agricoles<\/mark><\/p>\n\n\n\n<p><span style=\"background-color:rgba(0, 0, 0, 0)\" class=\"has-inline-color has-luminous-vivid-orange-color\">Nettoyage de fin de chantier : <\/span>particuliers et professionnels<\/p>\n\n\n\n<p><span style=\"background-color:rgba(0, 0, 0, 0)\" class=\"has-inline-color has-luminous-vivid-orange-color\">Nettoyage de vitres :<\/span> particuliers et professionnels<\/p>\n\n\n\n<p><span style=\"background-color:rgba(0, 0, 0, 0)\" class=\"has-inline-color has-luminous-vivid-orange-color\">Nettoyage inondation et incendie :<\/span> particuliers et professionnels <\/p>\n\n\n\n<p><span style=\"background-color:rgba(0, 0, 0, 0)\" class=\"has-inline-color has-luminous-vivid-orange-color\">Sablage et a\u00e9rogommage :<\/span> Tous supports, mobiliers int\u00e9rieurs et ext\u00e9rieurs, bois, fer, pi\u00e8ces m\u00e9caniques, carrosserie&#8230;<\/p>\n\n\n\n<p><mark style=\"background-color:rgba(0, 0, 0, 0)\" class=\"has-inline-color has-luminous-vivid-orange-color\">Multi-services et petits bricolage<\/mark><\/p>\n","protected":false},"excerpt":{"rendered":"<p>Nettoyage et traitement des sols : Terre cuite Travertin Pierre naturelle Parquet&#8230; Nettoyage et traitement des sols ext\u00e9rieurs : Terrasse Terrasse en bois Plage de piscine&#8230; Nettoyage et traitement : Fa\u00e7ade Toiture Goutti\u00e8re Murs en pierre Pierre tombale&#8230; Nettoyage engins TP, PL et agricoles Nettoyage de fin de chantier : particuliers et professionnels Nettoyage de &hellip; <\/p>\n","protected":false},"author":1,"featured_media":0,"parent":0,"menu_order":0,"comment_status":"closed","ping_status":"closed","template":"","meta":{"footnotes":""},"class_list":["post-72","page","type-page","status-publish","hentry"],"yoast_head":"<!-- This site is optimized with the Yoast SEO plugin v24.9 - https:\/\/yoast.com\/wordpress\/plugins\/seo\/ -->\n<title>Prestations - Metral Service et Nettoyage<\/title>\n<meta name=\"robots\" content=\"index, follow, max-snippet:-1, max-image-preview:large, max-video-preview:-1\" \/>\n<link rel=\"canonical\" href=\"https:\/\/metralserviceetnettoyage.com\/?page_id=72\" \/>\n<meta property=\"og:locale\" content=\"fr_FR\" \/>\n<meta property=\"og:type\" content=\"article\" \/>\n<meta property=\"og:title\" content=\"Prestations - Metral Service et Nettoyage\" \/>\n<meta property=\"og:description\" content=\"Nettoyage et traitement des sols : Terre cuite Travertin Pierre naturelle Parquet&#8230; Nettoyage et traitement des sols ext\u00e9rieurs : Terrasse Terrasse en bois Plage de piscine&#8230; Nettoyage et traitement : Fa\u00e7ade Toiture Goutti\u00e8re Murs en pierre Pierre tombale&#8230; Nettoyage engins TP, PL et agricoles Nettoyage de fin de chantier : particuliers et professionnels Nettoyage de &hellip;\" \/>\n<meta property=\"og:url\" content=\"https:\/\/metralserviceetnettoyage.com\/?page_id=72\" \/>\n<meta property=\"og:site_name\" content=\"Metral Service et Nettoyage\" \/>\n<meta property=\"article:modified_time\" content=\"2024-12-10T11:20:32+00:00\" \/>\n<meta name=\"twitter:card\" content=\"summary_large_image\" \/>\n<meta name=\"twitter:label1\" content=\"Dur\u00e9e de lecture estim\u00e9e\" \/>\n\t<meta name=\"twitter:data1\" content=\"1 minute\" \/>\n<script type=\"application\/ld+json\" class=\"yoast-schema-graph\">{\"@context\":\"https:\/\/schema.org\",\"@graph\":[{\"@type\":\"WebPage\",\"@id\":\"https:\/\/metralserviceetnettoyage.com\/?page_id=72\",\"url\":\"https:\/\/metralserviceetnettoyage.com\/?page_id=72\",\"name\":\"Prestations - Metral Service et Nettoyage\",\"isPartOf\":{\"@id\":\"http:\/\/metralserviceetnettoyage.com\/#website\"},\"datePublished\":\"2021-02-04T10:20:14+00:00\",\"dateModified\":\"2024-12-10T11:20:32+00:00\",\"breadcrumb\":{\"@id\":\"https:\/\/metralserviceetnettoyage.com\/?page_id=72#breadcrumb\"},\"inLanguage\":\"fr-FR\",\"potentialAction\":[{\"@type\":\"ReadAction\",\"target\":[\"https:\/\/metralserviceetnettoyage.com\/?page_id=72\"]}]},{\"@type\":\"BreadcrumbList\",\"@id\":\"https:\/\/metralserviceetnettoyage.com\/?page_id=72#breadcrumb\",\"itemListElement\":[{\"@type\":\"ListItem\",\"position\":1,\"name\":\"Accueil\",\"item\":\"http:\/\/metralserviceetnettoyage.com\/\"},{\"@type\":\"ListItem\",\"position\":2,\"name\":\"Prestations\"}]},{\"@type\":\"WebSite\",\"@id\":\"http:\/\/metralserviceetnettoyage.com\/#website\",\"url\":\"http:\/\/metralserviceetnettoyage.com\/\",\"name\":\"Metral Service et Nettoyage\",\"description\":\"06 58 28 39 86 msncontact25@gmail.com\",\"potentialAction\":[{\"@type\":\"SearchAction\",\"target\":{\"@type\":\"EntryPoint\",\"urlTemplate\":\"http:\/\/metralserviceetnettoyage.com\/?s={search_term_string}\"},\"query-input\":{\"@type\":\"PropertyValueSpecification\",\"valueRequired\":true,\"valueName\":\"search_term_string\"}}],\"inLanguage\":\"fr-FR\"}]}<\/script>\n<!-- \/ Yoast SEO plugin. -->","yoast_head_json":{"title":"Prestations - Metral Service et Nettoyage","robots":{"index":"index","follow":"follow","max-snippet":"max-snippet:-1","max-image-preview":"max-image-preview:large","max-video-preview":"max-video-preview:-1"},"canonical":"https:\/\/metralserviceetnettoyage.com\/?page_id=72","og_locale":"fr_FR","og_type":"article","og_title":"Prestations - Metral Service et Nettoyage","og_description":"Nettoyage et traitement des sols : Terre cuite Travertin Pierre naturelle Parquet&#8230; Nettoyage et traitement des sols ext\u00e9rieurs : Terrasse Terrasse en bois Plage de piscine&#8230; Nettoyage et traitement : Fa\u00e7ade Toiture Goutti\u00e8re Murs en pierre Pierre tombale&#8230; Nettoyage engins TP, PL et agricoles Nettoyage de fin de chantier : particuliers et professionnels Nettoyage de &hellip;","og_url":"https:\/\/metralserviceetnettoyage.com\/?page_id=72","og_site_name":"Metral Service et Nettoyage","article_modified_time":"2024-12-10T11:20:32+00:00","twitter_card":"summary_large_image","twitter_misc":{"Dur\u00e9e de lecture estim\u00e9e":"1 minute"},"schema":{"@context":"https:\/\/schema.org","@graph":[{"@type":"WebPage","@id":"https:\/\/metralserviceetnettoyage.com\/?page_id=72","url":"https:\/\/metralserviceetnettoyage.com\/?page_id=72","name":"Prestations - Metral Service et Nettoyage","isPartOf":{"@id":"http:\/\/metralserviceetnettoyage.com\/#website"},"datePublished":"2021-02-04T10:20:14+00:00","dateModified":"2024-12-10T11:20:32+00:00","breadcrumb":{"@id":"https:\/\/metralserviceetnettoyage.com\/?page_id=72#breadcrumb"},"inLanguage":"fr-FR","potentialAction":[{"@type":"ReadAction","target":["https:\/\/metralserviceetnettoyage.com\/?page_id=72"]}]},{"@type":"BreadcrumbList","@id":"https:\/\/metralserviceetnettoyage.com\/?page_id=72#breadcrumb","itemListElement":[{"@type":"ListItem","position":1,"name":"Accueil","item":"http:\/\/metralserviceetnettoyage.com\/"},{"@type":"ListItem","position":2,"name":"Prestations"}]},{"@type":"WebSite","@id":"http:\/\/metralserviceetnettoyage.com\/#website","url":"http:\/\/metralserviceetnettoyage.com\/","name":"Metral Service et Nettoyage","description":"06 58 28 39 86 msncontact25@gmail.com","potentialAction":[{"@type":"SearchAction","target":{"@type":"EntryPoint","urlTemplate":"http:\/\/metralserviceetnettoyage.com\/?s={search_term_string}"},"query-input":{"@type":"PropertyValueSpecification","valueRequired":true,"valueName":"search_term_string"}}],"inLanguage":"fr-FR"}]}},"_links":{"self":[{"href":"http:\/\/metralserviceetnettoyage.com\/index.php?rest_route=\/wp\/v2\/pages\/72","targetHints":{"allow":["GET"]}}],"collection":[{"href":"http:\/\/metralserviceetnettoyage.com\/index.php?rest_route=\/wp\/v2\/pages"}],"about":[{"href":"http:\/\/metralserviceetnettoyage.com\/index.php?rest_route=\/wp\/v2\/types\/page"}],"author":[{"embeddable":true,"href":"http:\/\/metralserviceetnettoyage.com\/index.php?rest_route=\/wp\/v2\/users\/1"}],"replies":[{"embeddable":true,"href":"http:\/\/metralserviceetnettoyage.com\/index.php?rest_route=%2Fwp%2Fv2%2Fcomments&post=72"}],"version-history":[{"count":19,"href":"http:\/\/metralserviceetnettoyage.com\/index.php?rest_route=\/wp\/v2\/pages\/72\/revisions"}],"predecessor-version":[{"id":1022,"href":"http:\/\/metralserviceetnettoyage.com\/index.php?rest_route=\/wp\/v2\/pages\/72\/revisions\/1022"}],"wp:attachment":[{"href":"http:\/\/metralserviceetnettoyage.com\/index.php?rest_route=%2Fwp%2Fv2%2Fmedia&parent=72"}],"curies":[{"name":"wp","href":"https:\/\/api.w.org\/{rel}","templated":true}]}}